{"id":200,"date":"2025-10-27T16:06:20","date_gmt":"2025-10-27T16:06:20","guid":{"rendered":"https:\/\/www.nilsirelozturk.com\/?page_id=200"},"modified":"2025-11-03T12:13:09","modified_gmt":"2025-11-03T12:13:09","slug":"egitim","status":"publish","type":"page","link":"https:\/\/www.nilsirelozturk.com\/en\/egitim\/","title":{"rendered":"Training"},"content":{"rendered":"<div data-elementor-type=\"wp-page\" data-elementor-id=\"200\" class=\"elementor elementor-200\">\n\t\t\t\t<div class=\"elementor-element elementor-element-787ca43e e-flex e-con-boxed e-con e-parent\" data-id=\"787ca43e\" data-element_type=\"container\" data-e-type=\"container\" data-settings=\"{&quot;background_background&quot;:&quot;classic&quot;}\">\n\t\t\t\t\t<div class=\"e-con-inner\">\n\t\t\t\t<div class=\"elementor-element elementor-element-62d4e4a6 elementor-widget elementor-widget-heading\" data-id=\"62d4e4a6\" data-element_type=\"widget\" data-e-type=\"widget\" data-widget_type=\"heading.default\">\n\t\t\t\t\t<h1 class=\"elementor-heading-title elementor-size-default\">Training<\/h1>\t\t\t\t<\/div>\n\t\t\t\t\t<\/div>\n\t\t\t\t<\/div>\n\t\t<div class=\"elementor-element elementor-element-6170cbfe e-flex e-con-boxed e-con e-parent\" data-id=\"6170cbfe\" data-element_type=\"container\" data-e-type=\"container\">\n\t\t\t\t\t<div class=\"e-con-inner\">\n\t\t<div class=\"elementor-element elementor-element-69efa05d e-con-full e-flex e-con e-child\" data-id=\"69efa05d\" data-element_type=\"container\" data-e-type=\"container\">\n\t\t<div class=\"elementor-element elementor-element-24b1e73a e-con-full e-flex e-con e-child\" data-id=\"24b1e73a\" data-element_type=\"container\" data-e-type=\"container\" data-settings=\"{&quot;background_background&quot;:&quot;classic&quot;}\">\n\t\t\t\t<div class=\"elementor-element elementor-element-f59ade3 elementor-widget elementor-widget-text-editor\" data-id=\"f59ade3\" data-element_type=\"widget\" data-e-type=\"widget\" data-widget_type=\"text-editor.default\">\n\t\t\t\t\t\t\t\t\t<p><strong>Training on Customs Practices in International Transportation \u2013 Hopa Chamber of Commerce and Industry (TSO)<\/strong><\/p>\t\t\t\t\t\t\t\t<\/div>\n\t\t\t\t<div class=\"elementor-element elementor-element-6c5ece7 elementor-widget elementor-widget-text-editor\" data-id=\"6c5ece7\" data-element_type=\"widget\" data-e-type=\"widget\" data-widget_type=\"text-editor.default\">\n\t\t\t\t\t\t\t\t\t<p><strong>Date<\/strong> May 16, 2025<br \/><strong>Venue:<\/strong> Hopa Chamber of Commerce and Industry, Assembly Hall<\/p>\t\t\t\t\t\t\t\t<\/div>\n\t\t\t\t<div class=\"elementor-element elementor-element-eac3a2c elementor-widget elementor-widget-text-editor\" data-id=\"eac3a2c\" data-element_type=\"widget\" data-e-type=\"widget\" data-widget_type=\"text-editor.default\">\n\t\t\t\t\t\t\t\t\t<p>A training session titled \u201cCustoms Practices in International Transportation\u201d was delivered by <strong>Dr. Nil Sirel \u00d6zt\u00fcrk<\/strong> Faculty Member at <em>the Department of Customs Management,<\/em> Trakya University, on May 16, 2025, at the Hopa Chamber of Commerce and Industry Assembly Hall.<\/p><p>The training covered topics such as customs controls <strong>, risk analysis and field inspections, challenges in transit transportation and practical solutions, transit regime violations, penalties, and anti-smuggling measures.<\/strong> . Participants gained comprehensive insights into current customs processes through case-based discussions and examples from practice.<\/p>\t\t\t\t\t\t\t\t<\/div>\n\t\t\t\t<div class=\"elementor-element elementor-element-a22949e elementor-arrows-position-inside elementor-widget elementor-widget-image-carousel\" data-id=\"a22949e\" data-element_type=\"widget\" data-e-type=\"widget\" data-settings=\"{&quot;slides_to_show&quot;:&quot;1&quot;,&quot;navigation&quot;:&quot;arrows&quot;,&quot;autoplay_speed&quot;:2000,&quot;effect&quot;:&quot;fade&quot;,&quot;speed&quot;:400,&quot;autoplay&quot;:&quot;yes&quot;,&quot;pause_on_hover&quot;:&quot;yes&quot;,&quot;pause_on_interaction&quot;:&quot;yes&quot;,&quot;infinite&quot;:&quot;yes&quot;}\" data-widget_type=\"image-carousel.default\">\n\t\t\t\t\t\t\t<div class=\"elementor-image-carousel-wrapper swiper\" role=\"region\" aria-roledescription=\"carousel\" aria-label=\"Resim D\u00f6ng\u00fcs\u00fc\" dir=\"ltr\">\n\t\t\t<div class=\"elementor-image-carousel swiper-wrapper\" aria-live=\"off\">\n\t\t\t\t\t\t\t\t<div class=\"swiper-slide\" role=\"group\" aria-roledescription=\"slide\" aria-label=\"1 \/ 3\"><figure class=\"swiper-slide-inner\"><img decoding=\"async\" class=\"swiper-slide-image\" src=\"https:\/\/www.nilsirelozturk.com\/wp-content\/uploads\/2025\/11\/WhatsApp-Image-2025-11-01-at-09.23.38-1.jpeg\" alt=\"WhatsApp Image 2025-11-01 at 09.23.38 (1)\" \/><\/figure><\/div><div class=\"swiper-slide\" role=\"group\" aria-roledescription=\"slide\" aria-label=\"2 \/ 3\"><figure class=\"swiper-slide-inner\"><img decoding=\"async\" class=\"swiper-slide-image\" src=\"https:\/\/www.nilsirelozturk.com\/wp-content\/uploads\/2025\/11\/WhatsApp-Image-2025-11-01-at-09.23.38-2.jpeg\" alt=\"WhatsApp Image 2025-11-01 at 09.23.38 (2)\" \/><\/figure><\/div><div class=\"swiper-slide\" role=\"group\" aria-roledescription=\"slide\" aria-label=\"3 \/ 3\"><figure class=\"swiper-slide-inner\"><img decoding=\"async\" class=\"swiper-slide-image\" src=\"https:\/\/www.nilsirelozturk.com\/wp-content\/uploads\/2025\/11\/WhatsApp-Image-2025-11-01-at-09.23.38.jpeg\" alt=\"WhatsApp Image 2025-11-01 at 09.23.38\" \/><\/figure><\/div>\t\t\t<\/div>\n\t\t\t\t\t\t\t\t\t\t\t\t<div class=\"elementor-swiper-button elementor-swiper-button-prev\" role=\"button\" tabindex=\"0\">\n\t\t\t\t\t\t<svg aria-hidden=\"true\" class=\"e-font-icon-svg e-eicon-chevron-left\" viewbox=\"0 0 1000 1000\" xmlns=\"http:\/\/www.w3.org\/2000\/svg\"><path d=\"M646 125C629 125 613 133 604 142L308 442C296 454 292 471 292 487 292 504 296 521 308 533L604 854C617 867 629 875 646 875 663 875 679 871 692 858 704 846 713 829 713 812 713 796 708 779 692 767L438 487 692 225C700 217 708 204 708 187 708 171 704 154 692 142 675 129 663 125 646 125Z\"><\/path><\/svg>\t\t\t\t\t<\/div>\n\t\t\t\t\t<div class=\"elementor-swiper-button elementor-swiper-button-next\" role=\"button\" tabindex=\"0\">\n\t\t\t\t\t\t<svg aria-hidden=\"true\" class=\"e-font-icon-svg e-eicon-chevron-right\" viewbox=\"0 0 1000 1000\" xmlns=\"http:\/\/www.w3.org\/2000\/svg\"><path d=\"M696 533C708 521 713 504 713 487 713 471 708 454 696 446L400 146C388 133 375 125 354 125 338 125 325 129 313 142 300 154 292 171 292 187 292 204 296 221 308 233L563 492 304 771C292 783 288 800 288 817 288 833 296 850 308 863 321 871 338 875 354 875 371 875 388 867 400 854L696 533Z\"><\/path><\/svg>\t\t\t\t\t<\/div>\n\t\t\t\t\n\t\t\t\t\t\t\t\t\t<\/div>\n\t\t\t\t\t\t<\/div>\n\t\t\t\t<div class=\"elementor-element elementor-element-2d37f6a5 elementor-align-justify elementor-widget elementor-widget-button\" data-id=\"2d37f6a5\" data-element_type=\"widget\" data-e-type=\"widget\" data-widget_type=\"button.default\">\n\t\t\t\t\t\t\t\t\t\t<a class=\"elementor-button elementor-button-link elementor-size-md\" href=\"https:\/\/www.nilsirelozturk.com\/en\/bana-ulasin\/\">\n\t\t\t\t\t\t<span class=\"elementor-button-content-wrapper\">\n\t\t\t\t\t\t\t\t\t<span class=\"elementor-button-text\">Contact us<\/span>\n\t\t\t\t\t<\/span>\n\t\t\t\t\t<\/a>\n\t\t\t\t\t\t\t\t<\/div>\n\t\t\t\t<\/div>\n\t\t\t\t<\/div>\n\t\t\t\t\t<\/div>\n\t\t\t\t<\/div>\n\t\t\t\t<\/div>","protected":false},"excerpt":{"rendered":"<p>E\u011fitim Uluslararas\u0131 Ta\u015f\u0131mac\u0131l\u0131kta G\u00fcmr\u00fck Mevzuat\u0131 Uygulamalar\u0131 E\u011fitimi \u2013 Hopa TSO Tarih: 16 May\u0131s 2025Yer: Hopa Ticaret ve Sanayi Odas\u0131, Meclis Toplant\u0131 Salonu Trakya \u00dcniversitesi G\u00fcmr\u00fck \u0130\u015fletme B\u00f6l\u00fcm\u00fc Dr. \u00d6\u011fr. \u00dcyesi Nil Sirel \u00d6zt\u00fcrk taraf\u0131ndan verilen \u201cUluslararas\u0131 Ta\u015f\u0131mac\u0131l\u0131kta G\u00fcmr\u00fck Mevzuat\u0131 Uygulamalar\u0131\u201d e\u011fitimi, 16 May\u0131s 2025 Cuma g\u00fcn\u00fc Hopa Ticaret ve Sanayi Odas\u0131 Meclis Toplant\u0131 Salonunda ger\u00e7ekle\u015ftirildi. [&hellip;]<\/p>\n","protected":false},"author":1,"featured_media":0,"parent":0,"menu_order":0,"comment_status":"closed","ping_status":"closed","template":"elementor_canvas","meta":{"footnotes":""},"class_list":["post-200","page","type-page","status-publish","hentry"],"_links":{"self":[{"href":"https:\/\/www.nilsirelozturk.com\/en\/wp-json\/wp\/v2\/pages\/200","targetHints":{"allow":["GET"]}}],"collection":[{"href":"https:\/\/www.nilsirelozturk.com\/en\/wp-json\/wp\/v2\/pages"}],"about":[{"href":"https:\/\/www.nilsirelozturk.com\/en\/wp-json\/wp\/v2\/types\/page"}],"author":[{"embeddable":true,"href":"https:\/\/www.nilsirelozturk.com\/en\/wp-json\/wp\/v2\/users\/1"}],"replies":[{"embeddable":true,"href":"https:\/\/www.nilsirelozturk.com\/en\/wp-json\/wp\/v2\/comments?post=200"}],"version-history":[{"count":10,"href":"https:\/\/www.nilsirelozturk.com\/en\/wp-json\/wp\/v2\/pages\/200\/revisions"}],"predecessor-version":[{"id":303,"href":"https:\/\/www.nilsirelozturk.com\/en\/wp-json\/wp\/v2\/pages\/200\/revisions\/303"}],"wp:attachment":[{"href":"https:\/\/www.nilsirelozturk.com\/en\/wp-json\/wp\/v2\/media?parent=200"}],"curies":[{"name":"wp","href":"https:\/\/api.w.org\/{rel}","templated":true}]}}