{"id":146,"date":"2025-09-23T10:21:31","date_gmt":"2025-09-23T10:21:31","guid":{"rendered":"https:\/\/www.nilsirelozturk.com\/?page_id=146"},"modified":"2025-10-27T16:04:47","modified_gmt":"2025-10-27T16:04:47","slug":"kitaplar","status":"publish","type":"page","link":"https:\/\/www.nilsirelozturk.com\/en\/kitaplar\/","title":{"rendered":"Books"},"content":{"rendered":"<div data-elementor-type=\"wp-page\" data-elementor-id=\"146\" class=\"elementor elementor-146\">\n\t\t\t\t<div class=\"elementor-element elementor-element-13b8eae5 e-flex e-con-boxed e-con e-parent\" data-id=\"13b8eae5\" data-element_type=\"container\" data-e-type=\"container\" data-settings=\"{&quot;background_background&quot;:&quot;classic&quot;}\">\n\t\t\t\t\t<div class=\"e-con-inner\">\n\t\t\t\t<div class=\"elementor-element elementor-element-bb8d7ef elementor-widget elementor-widget-heading\" data-id=\"bb8d7ef\" data-element_type=\"widget\" data-e-type=\"widget\" data-widget_type=\"heading.default\">\n\t\t\t\t\t<h1 class=\"elementor-heading-title elementor-size-default\">Books<\/h1>\t\t\t\t<\/div>\n\t\t\t\t\t<\/div>\n\t\t\t\t<\/div>\n\t\t<div class=\"elementor-element elementor-element-57feba23 e-flex e-con-boxed e-con e-parent\" data-id=\"57feba23\" data-element_type=\"container\" data-e-type=\"container\">\n\t\t\t\t\t<div class=\"e-con-inner\">\n\t\t<div class=\"elementor-element elementor-element-338c0da7 e-con-full e-flex e-con e-child\" data-id=\"338c0da7\" data-element_type=\"container\" data-e-type=\"container\">\n\t\t<div class=\"elementor-element elementor-element-5555b9eb e-con-full e-flex e-con e-child\" data-id=\"5555b9eb\" data-element_type=\"container\" data-e-type=\"container\">\n\t\t\t\t<div class=\"elementor-element elementor-element-5dff48aa elementor-widget elementor-widget-pp-flipbox\" data-id=\"5dff48aa\" data-element_type=\"widget\" data-e-type=\"widget\" data-widget_type=\"pp-flipbox.default\">\n\t\t\t\t\t\t\t<div class=\"pp-flipbox-container pp-animate-push pp-direction-left\">\n\t\t\t<div class=\"pp-flipbox-flip-card\">\n\t\t\t\t\t\t<div class=\"pp-flipbox-front\">\n\t\t\t<div class=\"pp-flipbox-overlay\">\n\t\t\t\t<div class=\"pp-flipbox-inner\">\n\t\t\t\t\t<div class=\"pp-flipbox-icon-image\">\n\t\t\t\t\t\t\t\t\t\t\t<\/div>\n\n\t\t\t\t\t<h3 class=\"pp-flipbox-heading\">\n\t\t\t\t\t\t\t\t\t\t\t<\/h3>\n\n\t\t\t\t\t<div class=\"pp-flipbox-content\">\n\t\t\t\t\t\t\t\t\t\t\t<\/div>\n\t\t\t\t<\/div>\n\t\t\t<\/div>\n\t\t<\/div>\n\t\t\t\t<div class=\"pp-flipbox-back\">\n\t\t\t\t\t\t\t<a class=\"pp-flipbox-box-link\" href=\"#\"><\/a>\n\t\t\t\t\t\t<div class=\"pp-flipbox-overlay\">\n\t\t\t\t<div class=\"pp-flipbox-inner\">\n\t\t\t\t\t\n\t\t\t\t\t\t\t\t\t\t\t<h3 class=\"pp-flipbox-heading\">\n\t\t\t\t\t\t\tCustoms Regimes: Theory and Practice\t\t\t\t\t\t<\/h3>\n\t\t\t\t\t\n\t\t\t\t\t<div class=\"pp-flipbox-content\">\n\t\t\t\t\t\tISBN: 978-625-392-628-1,E-ISBN: 978-625-392-629-8\t\t\t\t\t<\/div>\n\n\t\t\t\t\t\t\t\t\t<\/div>\n\t\t\t<\/div>\n\t\t<\/div>\n\t\t\t\t\t<\/div>\n\t\t<\/div>\n\t\t\t\t\t\t<\/div>\n\t\t\t\t<\/div>\n\t\t<div class=\"elementor-element elementor-element-58248cc5 e-con-full e-flex e-con e-child\" data-id=\"58248cc5\" data-element_type=\"container\" data-e-type=\"container\">\n\t\t\t\t<div class=\"elementor-element elementor-element-5ada5ff elementor-widget elementor-widget-heading\" data-id=\"5ada5ff\" data-element_type=\"widget\" data-e-type=\"widget\" data-widget_type=\"heading.default\">\n\t\t\t\t\t<h4 class=\"elementor-heading-title elementor-size-default\">Customs Regimes: Theory and Practice<\/h4>\t\t\t\t<\/div>\n\t\t\t\t<div class=\"elementor-element elementor-element-d05b750 elementor-widget elementor-widget-text-editor\" data-id=\"d05b750\" data-element_type=\"widget\" data-e-type=\"widget\" data-widget_type=\"text-editor.default\">\n\t\t\t\t\t\t\t\t\t<p><strong>ISBN:<\/strong> 978-625-392-628-1,<br \/><strong>E-ISBN:<\/strong> 978-625-392-629-8<br \/><strong>DOI:<\/strong> <a href=\"https:\/\/doi.org\/10.59617\/efepub20242386\">https:\/\/doi.org\/10.59617\/efepub20242386<\/a> <br \/><strong>1st Edition \u2013 September 2025 <\/strong><\/p>\t\t\t\t\t\t\t\t<\/div>\n\t\t\t\t<div class=\"elementor-element elementor-element-d54a6e1 elementor-widget elementor-widget-text-editor\" data-id=\"d54a6e1\" data-element_type=\"widget\" data-e-type=\"widget\" data-widget_type=\"text-editor.default\">\n\t\t\t\t\t\t\t\t\t<p><strong>Overview:<\/strong><br \/>The main objective of this book is to present customs regimes not only through the technical language of legislation but also within a clear and systematic framework.<br \/>The work aims to help Customs Management students consolidate the knowledge they acquire during their courses, while also serving as a practical reference for newcomers and professionals interested in the customs sector.\nLanguage of publication: Turkish<\/p>\t\t\t\t\t\t\t\t<\/div>\n\t\t\t\t<div class=\"elementor-element elementor-element-71b23e3b elementor-align-left elementor-widget elementor-widget-button\" data-id=\"71b23e3b\" data-element_type=\"widget\" data-e-type=\"widget\" data-widget_type=\"button.default\">\n\t\t\t\t\t\t\t\t\t\t<a class=\"elementor-button elementor-button-link elementor-size-sm\" href=\"https:\/\/www.efeakademi.com\/gumruk-rejimleri-teori-ve-uygulamalari\">\n\t\t\t\t\t\t<span class=\"elementor-button-content-wrapper\">\n\t\t\t\t\t\t\t\t\t<span class=\"elementor-button-text\">to buy<\/span>\n\t\t\t\t\t<\/span>\n\t\t\t\t\t<\/a>\n\t\t\t\t\t\t\t\t<\/div>\n\t\t\t\t<\/div>\n\t\t\t\t<\/div>\n\t\t\t\t<div class=\"elementor-element elementor-element-3f1b59e4 elementor-widget elementor-widget-spacer\" data-id=\"3f1b59e4\" data-element_type=\"widget\" data-e-type=\"widget\" data-widget_type=\"spacer.default\">\n\t\t\t\t\t\t\t<div class=\"elementor-spacer\">\n\t\t\t<div class=\"elementor-spacer-inner\"><\/div>\n\t\t<\/div>\n\t\t\t\t\t\t<\/div>\n\t\t\t\t\t<\/div>\n\t\t\t\t<\/div>\n\t\t\t\t<\/div>","protected":false},"excerpt":{"rendered":"<p>Kitaplar G\u00fcmr\u00fck Rejimleri: Teori ve Uygulamalar\u0131 ISBN: 978-625-392-628-1,E-ISBN: 978-625-392-629-8 G\u00fcmr\u00fck Rejimleri: Teori ve Uygulamalar\u0131 ISBN: 978-625-392-628-1,E-ISBN: 978-625-392-629-8DOI: https:\/\/doi.org\/10.59617\/efepub20242386 1. Bask\u0131 \u2013 Eyl\u00fcl 2025 Tan\u0131t\u0131m:Bu kitab\u0131n temel amac\u0131, g\u00fcmr\u00fck rejimlerini yaln\u0131zca mevzuat\u0131n teknik diliyle de\u011fil, ayn\u0131 zamanda anla\u015f\u0131l\u0131r ve sistematik bir \u00e7er\u00e7evede sunmakt\u0131r.Eser, G\u00fcmr\u00fck \u0130\u015fletme b\u00f6l\u00fcm\u00fc \u00f6\u011frencilerinin derslerde edindikleri bilgileri peki\u015ftirmelerine yard\u0131mc\u0131 olmay\u0131 hedeflerken; g\u00fcmr\u00fck sekt\u00f6r\u00fcne [&hellip;]<\/p>\n","protected":false},"author":1,"featured_media":0,"parent":0,"menu_order":0,"comment_status":"closed","ping_status":"closed","template":"","meta":{"footnotes":""},"class_list":["post-146","page","type-page","status-publish","hentry"],"_links":{"self":[{"href":"https:\/\/www.nilsirelozturk.com\/en\/wp-json\/wp\/v2\/pages\/146","targetHints":{"allow":["GET"]}}],"collection":[{"href":"https:\/\/www.nilsirelozturk.com\/en\/wp-json\/wp\/v2\/pages"}],"about":[{"href":"https:\/\/www.nilsirelozturk.com\/en\/wp-json\/wp\/v2\/types\/page"}],"author":[{"embeddable":true,"href":"https:\/\/www.nilsirelozturk.com\/en\/wp-json\/wp\/v2\/users\/1"}],"replies":[{"embeddable":true,"href":"https:\/\/www.nilsirelozturk.com\/en\/wp-json\/wp\/v2\/comments?post=146"}],"version-history":[{"count":19,"href":"https:\/\/www.nilsirelozturk.com\/en\/wp-json\/wp\/v2\/pages\/146\/revisions"}],"predecessor-version":[{"id":196,"href":"https:\/\/www.nilsirelozturk.com\/en\/wp-json\/wp\/v2\/pages\/146\/revisions\/196"}],"wp:attachment":[{"href":"https:\/\/www.nilsirelozturk.com\/en\/wp-json\/wp\/v2\/media?parent=146"}],"curies":[{"name":"wp","href":"https:\/\/api.w.org\/{rel}","templated":true}]}}