{"id":143,"date":"2025-09-23T10:21:11","date_gmt":"2025-09-23T10:21:11","guid":{"rendered":"https:\/\/www.nilsirelozturk.com\/?page_id=143"},"modified":"2025-10-27T15:56:47","modified_gmt":"2025-10-27T15:56:47","slug":"akademik-makaleler","status":"publish","type":"page","link":"https:\/\/www.nilsirelozturk.com\/en\/akademik-makaleler\/","title":{"rendered":"Academic Publications"},"content":{"rendered":"<div data-elementor-type=\"wp-page\" data-elementor-id=\"143\" class=\"elementor elementor-143\">\n\t\t\t\t<div class=\"elementor-element elementor-element-6f259906 e-flex e-con-boxed e-con e-parent\" data-id=\"6f259906\" data-element_type=\"container\" data-e-type=\"container\" data-settings=\"{&quot;background_background&quot;:&quot;classic&quot;}\">\n\t\t\t\t\t<div class=\"e-con-inner\">\n\t\t\t\t<div class=\"elementor-element elementor-element-1a7c724a elementor-widget elementor-widget-heading\" data-id=\"1a7c724a\" data-element_type=\"widget\" data-e-type=\"widget\" data-widget_type=\"heading.default\">\n\t\t\t\t\t<h1 class=\"elementor-heading-title elementor-size-default\">Academic Publications<\/h1>\t\t\t\t<\/div>\n\t\t\t\t\t<\/div>\n\t\t\t\t<\/div>\n\t\t<div class=\"elementor-element elementor-element-5ff8117 e-flex e-con-boxed e-con e-parent\" data-id=\"5ff8117\" data-element_type=\"container\" data-e-type=\"container\">\n\t\t\t\t\t<div class=\"e-con-inner\">\n\t\t<div class=\"elementor-element elementor-element-942c58f e-con-full e-flex e-con e-child\" data-id=\"942c58f\" data-element_type=\"container\" data-e-type=\"container\">\n\t\t\t\t<div class=\"elementor-element elementor-element-228d960 elementor-widget__width-auto elementor-widget elementor-widget-heading\" data-id=\"228d960\" data-element_type=\"widget\" data-e-type=\"widget\" data-widget_type=\"heading.default\">\n\t\t\t\t\t<h3 class=\"elementor-heading-title elementor-size-default\">Academic Publications<\/h3>\t\t\t\t<\/div>\n\t\t\t\t<div class=\"elementor-element elementor-element-1bcced5 elementor-widget elementor-widget-spacer\" data-id=\"1bcced5\" data-element_type=\"widget\" data-e-type=\"widget\" data-widget_type=\"spacer.default\">\n\t\t\t\t\t\t\t<div class=\"elementor-spacer\">\n\t\t\t<div class=\"elementor-spacer-inner\"><\/div>\n\t\t<\/div>\n\t\t\t\t\t\t<\/div>\n\t\t<div class=\"elementor-element elementor-element-6a5b76a e-con-full e-flex e-con e-child\" data-id=\"6a5b76a\" data-element_type=\"container\" data-e-type=\"container\">\n\t\t<div class=\"elementor-element elementor-element-ee8b2f3 e-con-full e-flex e-con e-child\" data-id=\"ee8b2f3\" data-element_type=\"container\" data-e-type=\"container\">\n\t\t\t\t<div class=\"elementor-element elementor-element-45dc118 elementor-widget elementor-widget-heading\" data-id=\"45dc118\" data-element_type=\"widget\" data-e-type=\"widget\" data-widget_type=\"heading.default\">\n\t\t\t\t\t<h2 class=\"elementor-heading-title elementor-size-default\">\u00d6nc\u00fc, E., \u00d6zt\u00fcrk, N. S., &amp; Erdo\u011fan, A. <\/h2>\t\t\t\t<\/div>\n\t\t\t\t<div class=\"elementor-element elementor-element-c1632ed elementor-widget elementor-widget-text-editor\" data-id=\"c1632ed\" data-element_type=\"widget\" data-e-type=\"widget\" data-widget_type=\"text-editor.default\">\n\t\t\t\t\t\t\t\t\t<p>(2025).<\/p>\t\t\t\t\t\t\t\t<\/div>\n\t\t\t\t<\/div>\n\t\t<div class=\"elementor-element elementor-element-0a73191 e-con-full e-flex e-con e-child\" data-id=\"0a73191\" data-element_type=\"container\" data-e-type=\"container\">\n\t\t\t\t<div class=\"elementor-element elementor-element-e89d004 elementor-widget elementor-widget-text-editor\" data-id=\"e89d004\" data-element_type=\"widget\" data-e-type=\"widget\" data-widget_type=\"text-editor.default\">\n\t\t\t\t\t\t\t\t\t<p><em>Sustainable Development in Focus: CO\u2082 Emissions and Capital Accumulation.<\/em> <strong>Sustainability, 17<\/strong>(8), 3513. &#8220;https:\/\/doi.org\/10.3390\/su17083513&#8221;<\/p>\t\t\t\t\t\t\t\t<\/div>\n\t\t\t\t<\/div>\n\t\t\t\t<\/div>\n\t\t<div class=\"elementor-element elementor-element-0f5b3bd e-con-full e-flex e-con e-child\" data-id=\"0f5b3bd\" data-element_type=\"container\" data-e-type=\"container\" data-settings=\"{&quot;background_background&quot;:&quot;classic&quot;}\">\n\t\t<div class=\"elementor-element elementor-element-103db1e e-con-full e-flex e-con e-child\" data-id=\"103db1e\" data-element_type=\"container\" data-e-type=\"container\">\n\t\t\t\t<div class=\"elementor-element elementor-element-95a9f91 elementor-widget elementor-widget-heading\" data-id=\"95a9f91\" data-element_type=\"widget\" data-e-type=\"widget\" data-widget_type=\"heading.default\">\n\t\t\t\t\t<h2 class=\"elementor-heading-title elementor-size-default\">\u00d6zt\u00fcrk, N. S. <\/h2>\t\t\t\t<\/div>\n\t\t\t\t<div class=\"elementor-element elementor-element-3c1cb57 elementor-widget elementor-widget-text-editor\" data-id=\"3c1cb57\" data-element_type=\"widget\" data-e-type=\"widget\" data-widget_type=\"text-editor.default\">\n\t\t\t\t\t\t\t\t\t<p>(2024).<\/p>\t\t\t\t\t\t\t\t<\/div>\n\t\t\t\t<\/div>\n\t\t<div class=\"elementor-element elementor-element-3fb4a12 e-con-full e-flex e-con e-child\" data-id=\"3fb4a12\" data-element_type=\"container\" data-e-type=\"container\">\n\t\t\t\t<div class=\"elementor-element elementor-element-3126666 elementor-widget elementor-widget-text-editor\" data-id=\"3126666\" data-element_type=\"widget\" data-e-type=\"widget\" data-widget_type=\"text-editor.default\">\n\t\t\t\t\t\t\t\t\t<p><em>OECD \u00dclkelerinde Ar-Ge ve \u0130leri Teknoloji \u0130hracat\u0131n\u0131n Ekonomik Performansa Etkisi: Panel Veri Analizi.<\/em> <strong>Artvin \u00c7oruh \u00dcniversitesi Uluslararas\u0131 Sosyal Bilimler Dergisi, 10<\/strong>(2), 167\u2013182. https:\/\/doi.org\/10.22466\/acusbd.1553832<\/p>\t\t\t\t\t\t\t\t<\/div>\n\t\t\t\t<\/div>\n\t\t\t\t<\/div>\n\t\t<div class=\"elementor-element elementor-element-d76e05b e-con-full e-flex e-con e-child\" data-id=\"d76e05b\" data-element_type=\"container\" data-e-type=\"container\">\n\t\t<div class=\"elementor-element elementor-element-172e57e e-con-full e-flex e-con e-child\" data-id=\"172e57e\" data-element_type=\"container\" data-e-type=\"container\">\n\t\t\t\t<div class=\"elementor-element elementor-element-55f0a72 elementor-widget elementor-widget-heading\" data-id=\"55f0a72\" data-element_type=\"widget\" data-e-type=\"widget\" data-widget_type=\"heading.default\">\n\t\t\t\t\t<h2 class=\"elementor-heading-title elementor-size-default\">\u00d6zt\u00fcrk, N. S. <\/h2>\t\t\t\t<\/div>\n\t\t\t\t<div class=\"elementor-element elementor-element-a3a0bbc elementor-widget elementor-widget-text-editor\" data-id=\"a3a0bbc\" data-element_type=\"widget\" data-e-type=\"widget\" data-widget_type=\"text-editor.default\">\n\t\t\t\t\t\t\t\t\t<p>(2025).<\/p>\t\t\t\t\t\t\t\t<\/div>\n\t\t\t\t<\/div>\n\t\t<div class=\"elementor-element elementor-element-0179b5e e-con-full e-flex e-con e-child\" data-id=\"0179b5e\" data-element_type=\"container\" data-e-type=\"container\">\n\t\t\t\t<div class=\"elementor-element elementor-element-6cec819 elementor-widget elementor-widget-text-editor\" data-id=\"6cec819\" data-element_type=\"widget\" data-e-type=\"widget\" data-widget_type=\"text-editor.default\">\n\t\t\t\t\t\t\t\t\t<p><em>Do\u011fu Avrupa ve Orta Asya \u00dclkelerinde Ula\u015ft\u0131rma Yat\u0131r\u0131mlar\u0131, Lojistik Performans ve D\u0131\u015f Ticaret \u0130li\u015fkisi: Bir Panel Veri Analizi.<\/em> <strong>\u00d6mer Halisdemir \u00dcniversitesi \u0130ktisadi ve \u0130dari Bilimler Fak\u00fcltesi Dergisi, 18<\/strong>(2), 721\u2013735. https:\/\/doi.org\/10.25287\/ohuiibf.1606878<\/p>\t\t\t\t\t\t\t\t<\/div>\n\t\t\t\t<\/div>\n\t\t\t\t<\/div>\n\t\t<div class=\"elementor-element elementor-element-384ff6a e-con-full e-flex e-con e-child\" data-id=\"384ff6a\" data-element_type=\"container\" data-e-type=\"container\" data-settings=\"{&quot;background_background&quot;:&quot;classic&quot;}\">\n\t\t<div class=\"elementor-element elementor-element-ec4b537 e-con-full e-flex e-con e-child\" data-id=\"ec4b537\" data-element_type=\"container\" data-e-type=\"container\">\n\t\t\t\t<div class=\"elementor-element elementor-element-7849e75 elementor-widget elementor-widget-heading\" data-id=\"7849e75\" data-element_type=\"widget\" data-e-type=\"widget\" data-widget_type=\"heading.default\">\n\t\t\t\t\t<h2 class=\"elementor-heading-title elementor-size-default\">\u00d6zt\u00fcrk, N. S. <\/h2>\t\t\t\t<\/div>\n\t\t\t\t<div class=\"elementor-element elementor-element-6f61e9f elementor-widget elementor-widget-text-editor\" data-id=\"6f61e9f\" data-element_type=\"widget\" data-e-type=\"widget\" data-widget_type=\"text-editor.default\">\n\t\t\t\t\t\t\t\t\t<p>(2025).<\/p>\t\t\t\t\t\t\t\t<\/div>\n\t\t\t\t<\/div>\n\t\t<div class=\"elementor-element elementor-element-b081ec6 e-con-full e-flex e-con e-child\" data-id=\"b081ec6\" data-element_type=\"container\" data-e-type=\"container\">\n\t\t\t\t<div class=\"elementor-element elementor-element-b45fb55 elementor-widget elementor-widget-text-editor\" data-id=\"b45fb55\" data-element_type=\"widget\" data-e-type=\"widget\" data-widget_type=\"text-editor.default\">\n\t\t\t\t\t\t\t\t\t<p><em>From Fossil to Future: Trade, Technology and Clean Energy Transitions in High-Impact Developing Economies.<\/em> <strong>Clean Energy and Sustainability, 3<\/strong>(3), 10013. https:\/\/doi.org\/10.70322\/ces.2025.10013<\/p>\t\t\t\t\t\t\t\t<\/div>\n\t\t\t\t<\/div>\n\t\t\t\t<\/div>\n\t\t<div class=\"elementor-element elementor-element-9ede133 e-con-full e-flex e-con e-child\" data-id=\"9ede133\" data-element_type=\"container\" data-e-type=\"container\">\n\t\t<div class=\"elementor-element elementor-element-c54f0dd e-con-full e-flex e-con e-child\" data-id=\"c54f0dd\" data-element_type=\"container\" data-e-type=\"container\">\n\t\t\t\t<div class=\"elementor-element elementor-element-0e44e0a elementor-widget elementor-widget-heading\" data-id=\"0e44e0a\" data-element_type=\"widget\" data-e-type=\"widget\" data-widget_type=\"heading.default\">\n\t\t\t\t\t<h2 class=\"elementor-heading-title elementor-size-default\">\u00d6zt\u00fcrk, N. S. <\/h2>\t\t\t\t<\/div>\n\t\t\t\t<div class=\"elementor-element elementor-element-4755451 elementor-widget elementor-widget-text-editor\" data-id=\"4755451\" data-element_type=\"widget\" data-e-type=\"widget\" data-widget_type=\"text-editor.default\">\n\t\t\t\t\t\t\t\t\t<p>(2025).<\/p>\t\t\t\t\t\t\t\t<\/div>\n\t\t\t\t<\/div>\n\t\t<div class=\"elementor-element elementor-element-e475bd5 e-con-full e-flex e-con e-child\" data-id=\"e475bd5\" data-element_type=\"container\" data-e-type=\"container\">\n\t\t\t\t<div class=\"elementor-element elementor-element-2997d51 elementor-widget elementor-widget-text-editor\" data-id=\"2997d51\" data-element_type=\"widget\" data-e-type=\"widget\" data-widget_type=\"text-editor.default\">\n\t\t\t\t\t\t\t\t\t<p><em>Geli\u015fmekte Olan \u00dclkelerde Hizmet D\u0131\u015f Ticaretinin Ekonomik B\u00fcy\u00fcmeye Etkisi: Panel Veri Analizi.<\/em> <strong>Fiscaoeconomia, 9<\/strong>(1), 152\u2013170. https:\/\/doi.org\/10.25295\/fsecon.1505496<\/p>\t\t\t\t\t\t\t\t<\/div>\n\t\t\t\t<\/div>\n\t\t\t\t<\/div>\n\t\t<div class=\"elementor-element elementor-element-191f99a e-con-full e-flex e-con e-child\" data-id=\"191f99a\" data-element_type=\"container\" data-e-type=\"container\" data-settings=\"{&quot;background_background&quot;:&quot;classic&quot;}\">\n\t\t<div class=\"elementor-element elementor-element-fbd4f39 e-con-full e-flex e-con e-child\" data-id=\"fbd4f39\" data-element_type=\"container\" data-e-type=\"container\">\n\t\t\t\t<div class=\"elementor-element elementor-element-d45f2c6 elementor-widget elementor-widget-heading\" data-id=\"d45f2c6\" data-element_type=\"widget\" data-e-type=\"widget\" data-widget_type=\"heading.default\">\n\t\t\t\t\t<h2 class=\"elementor-heading-title elementor-size-default\">\u00d6zt\u00fcrk, N. S. <\/h2>\t\t\t\t<\/div>\n\t\t\t\t<div class=\"elementor-element elementor-element-b01c3f3 elementor-widget elementor-widget-text-editor\" data-id=\"b01c3f3\" data-element_type=\"widget\" data-e-type=\"widget\" data-widget_type=\"text-editor.default\">\n\t\t\t\t\t\t\t\t\t<p>(2025).<\/p>\t\t\t\t\t\t\t\t<\/div>\n\t\t\t\t<\/div>\n\t\t<div class=\"elementor-element elementor-element-d4d2316 e-con-full e-flex e-con e-child\" data-id=\"d4d2316\" data-element_type=\"container\" data-e-type=\"container\">\n\t\t\t\t<div class=\"elementor-element elementor-element-75589e2 elementor-widget elementor-widget-text-editor\" data-id=\"75589e2\" data-element_type=\"widget\" data-e-type=\"widget\" data-widget_type=\"text-editor.default\">\n\t\t\t\t\t\t\t\t\t<p><em>Ticaret Sava\u015flar\u0131 ve Piyasa Oynakl\u0131\u011f\u0131: G\u00fcmr\u00fck Vergisi Politikalar\u0131n\u0131n EGARCH Modeli ile Analizi.<\/em> <strong>Ni\u015fanta\u015f\u0131 \u00dcniversitesi Sosyal Bilimler Dergisi, 13<\/strong>(1), 1\u20131. https:\/\/doi.org\/10.52122\/nisantasisbd.1648732<\/p>\t\t\t\t\t\t\t\t<\/div>\n\t\t\t\t<\/div>\n\t\t\t\t<\/div>\n\t\t<div class=\"elementor-element elementor-element-c2a6b8c e-con-full e-flex e-con e-child\" data-id=\"c2a6b8c\" data-element_type=\"container\" data-e-type=\"container\">\n\t\t<div class=\"elementor-element elementor-element-4b0e85f e-con-full e-flex e-con e-child\" data-id=\"4b0e85f\" data-element_type=\"container\" data-e-type=\"container\">\n\t\t\t\t<div class=\"elementor-element elementor-element-c5efa89 elementor-widget elementor-widget-heading\" data-id=\"c5efa89\" data-element_type=\"widget\" data-e-type=\"widget\" data-widget_type=\"heading.default\">\n\t\t\t\t\t<h2 class=\"elementor-heading-title elementor-size-default\">\u00d6zt\u00fcrk, N. S. <\/h2>\t\t\t\t<\/div>\n\t\t\t\t<div class=\"elementor-element elementor-element-da49bea elementor-widget elementor-widget-text-editor\" data-id=\"da49bea\" data-element_type=\"widget\" data-e-type=\"widget\" data-widget_type=\"text-editor.default\">\n\t\t\t\t\t\t\t\t\t<p>(2025).<\/p>\t\t\t\t\t\t\t\t<\/div>\n\t\t\t\t<\/div>\n\t\t<div class=\"elementor-element elementor-element-631edef e-con-full e-flex e-con e-child\" data-id=\"631edef\" data-element_type=\"container\" data-e-type=\"container\">\n\t\t\t\t<div class=\"elementor-element elementor-element-9a20cc4 elementor-widget elementor-widget-text-editor\" data-id=\"9a20cc4\" data-element_type=\"widget\" data-e-type=\"widget\" data-widget_type=\"text-editor.default\">\n\t\t\t\t\t\t\t\t\t<p><em>T\u00fcrkiye&#8217;de \u0130thalat ve \u0130hracat\u0131n Enflasyon \u00dczerindeki Etkisi: Zaman Serisi Analizi.<\/em> <strong>Bulletin of Economic Theory and Analysis, 10<\/strong>(2), 787\u2013809. https:\/\/doi.org\/10.25229\/beta.1629144<\/p>\t\t\t\t\t\t\t\t<\/div>\n\t\t\t\t<\/div>\n\t\t\t\t<\/div>\n\t\t\t\t<\/div>\n\t\t\t\t\t<\/div>\n\t\t\t\t<\/div>\n\t\t\t\t<\/div>","protected":false},"excerpt":{"rendered":"<p>Akademik Makaleler Akademik Yay\u0131nlar \u00d6nc\u00fc, E., \u00d6zt\u00fcrk, N. S., &amp; Erdo\u011fan, A. (2025). Sustainable Development in Focus: CO\u2082 Emissions and Capital Accumulation. Sustainability, 17(8), 3513. &#8220;https:\/\/doi.org\/10.3390\/su17083513&#8221; \u00d6zt\u00fcrk, N. S. (2024). OECD \u00dclkelerinde Ar-Ge ve \u0130leri Teknoloji \u0130hracat\u0131n\u0131n Ekonomik Performansa Etkisi: Panel Veri Analizi. Artvin \u00c7oruh \u00dcniversitesi Uluslararas\u0131 Sosyal Bilimler Dergisi, 10(2), 167\u2013182. https:\/\/doi.org\/10.22466\/acusbd.1553832 \u00d6zt\u00fcrk, N. [&hellip;]<\/p>\n","protected":false},"author":1,"featured_media":0,"parent":0,"menu_order":0,"comment_status":"closed","ping_status":"closed","template":"elementor_canvas","meta":{"footnotes":""},"class_list":["post-143","page","type-page","status-publish","hentry"],"_links":{"self":[{"href":"https:\/\/www.nilsirelozturk.com\/en\/wp-json\/wp\/v2\/pages\/143","targetHints":{"allow":["GET"]}}],"collection":[{"href":"https:\/\/www.nilsirelozturk.com\/en\/wp-json\/wp\/v2\/pages"}],"about":[{"href":"https:\/\/www.nilsirelozturk.com\/en\/wp-json\/wp\/v2\/types\/page"}],"author":[{"embeddable":true,"href":"https:\/\/www.nilsirelozturk.com\/en\/wp-json\/wp\/v2\/users\/1"}],"replies":[{"embeddable":true,"href":"https:\/\/www.nilsirelozturk.com\/en\/wp-json\/wp\/v2\/comments?post=143"}],"version-history":[{"count":7,"href":"https:\/\/www.nilsirelozturk.com\/en\/wp-json\/wp\/v2\/pages\/143\/revisions"}],"predecessor-version":[{"id":186,"href":"https:\/\/www.nilsirelozturk.com\/en\/wp-json\/wp\/v2\/pages\/143\/revisions\/186"}],"wp:attachment":[{"href":"https:\/\/www.nilsirelozturk.com\/en\/wp-json\/wp\/v2\/media?parent=143"}],"curies":[{"name":"wp","href":"https:\/\/api.w.org\/{rel}","templated":true}]}}