{"id":140,"date":"2025-09-23T10:20:52","date_gmt":"2025-09-23T10:20:52","guid":{"rendered":"https:\/\/www.nilsirelozturk.com\/?page_id=140"},"modified":"2025-11-03T13:00:40","modified_gmt":"2025-11-03T13:00:40","slug":"hakkimda","status":"publish","type":"page","link":"https:\/\/www.nilsirelozturk.com\/en\/hakkimda\/","title":{"rendered":"About Us"},"content":{"rendered":"<div data-elementor-type=\"wp-page\" data-elementor-id=\"140\" class=\"elementor elementor-140\">\n\t\t\t\t<div class=\"elementor-element elementor-element-1cacda5e e-flex e-con-boxed e-con e-parent\" data-id=\"1cacda5e\" data-element_type=\"container\" data-e-type=\"container\" data-settings=\"{&quot;background_background&quot;:&quot;classic&quot;}\">\n\t\t\t\t\t<div class=\"e-con-inner\">\n\t\t\t\t<div class=\"elementor-element elementor-element-3862d127 elementor-widget elementor-widget-heading\" data-id=\"3862d127\" data-element_type=\"widget\" data-e-type=\"widget\" data-widget_type=\"heading.default\">\n\t\t\t\t\t<h1 class=\"elementor-heading-title elementor-size-default\">About Us<\/h1>\t\t\t\t<\/div>\n\t\t\t\t\t<\/div>\n\t\t\t\t<\/div>\n\t\t<div class=\"elementor-element elementor-element-9baf25a e-flex e-con-boxed e-con e-parent\" data-id=\"9baf25a\" data-element_type=\"container\" data-e-type=\"container\" data-settings=\"{&quot;background_background&quot;:&quot;classic&quot;}\">\n\t\t\t\t\t<div class=\"e-con-inner\">\n\t\t<div class=\"elementor-element elementor-element-2374bcc4 e-con-full e-flex e-con e-child\" data-id=\"2374bcc4\" data-element_type=\"container\" data-e-type=\"container\">\n\t\t\t\t<div class=\"elementor-element elementor-element-6bf3c34e elementor-widget elementor-widget-spacer\" data-id=\"6bf3c34e\" data-element_type=\"widget\" data-e-type=\"widget\" data-widget_type=\"spacer.default\">\n\t\t\t\t\t\t\t<div class=\"elementor-spacer\">\n\t\t\t<div class=\"elementor-spacer-inner\"><\/div>\n\t\t<\/div>\n\t\t\t\t\t\t<\/div>\n\t\t\t\t<div class=\"elementor-element elementor-element-3b8655e9 elementor-widget elementor-widget-text-editor\" data-id=\"3b8655e9\" data-element_type=\"widget\" data-e-type=\"widget\" data-widget_type=\"text-editor.default\">\n\t\t\t\t\t\t\t\t\t<p>I am Dr. Nil Sirel \u00d6zt\u00fcrk.<\/p>\t\t\t\t\t\t\t\t<\/div>\n\t\t\t\t<div class=\"elementor-element elementor-element-3fec1933 elementor-widget elementor-widget-text-editor\" data-id=\"3fec1933\" data-element_type=\"widget\" data-e-type=\"widget\" data-widget_type=\"text-editor.default\">\n\t\t\t\t\t\t\t\t\t<p>After completing twenty years of experience in customs and earning the Assistant Customs Broker License and \u00dcDY3 (Upper-Level Executive Certificate), I embarked on a journey from professional practice to academic theory.<\/p><p>Currently, I serve as an Assistant Professor at Trakya University, Ke\u015fan Yusuf \u00c7apraz School of Applied Sciences, where I teach Customs <em>Turkish Customs<\/em>, <em>Tariff Schedule<\/em>, <em>Secondary Legislation,<\/em> and <em>Maritime Law<\/em> Combining my extensive field experience with an academic perspective, I aim not only to explain the customs legislation itself but also to reveal the economic, legal, and social dynamics behind it.<\/p>\t\t\t\t\t\t\t\t<\/div>\n\t\t\t\t<\/div>\n\t\t<div class=\"elementor-element elementor-element-10512275 e-con-full e-flex e-con e-child\" data-id=\"10512275\" data-element_type=\"container\" data-e-type=\"container\">\n\t\t\t\t<div class=\"elementor-element elementor-element-6af9dcdd elementor-widget elementor-widget-image\" data-id=\"6af9dcdd\" data-element_type=\"widget\" data-e-type=\"widget\" data-widget_type=\"image.default\">\n\t\t\t\t\t\t\t\t\t\t\t\t\t\t\t<img decoding=\"async\" src=\"https:\/\/www.nilsirelozturk.com\/wp-content\/uploads\/elementor\/thumbs\/WhatsApp-Image-2025-11-01-at-09.18.22-re5tkiql47ohc2dud23uepwdktoinvkd29040xy89w.jpeg\" title=\"WhatsApp Image 2025-11-01 at 09.18.22\" alt=\"WhatsApp Image 2025-11-01 at 09.18.22\" loading=\"lazy\" \/>\t\t\t\t\t\t\t\t\t\t\t\t\t\t\t<\/div>\n\t\t\t\t<div class=\"elementor-element elementor-element-7482d4c elementor-widget__width-initial elementor-absolute elementor-widget-mobile__width-initial elementor-widget elementor-widget-image\" data-id=\"7482d4c\" data-element_type=\"widget\" data-e-type=\"widget\" data-settings=\"{&quot;_position&quot;:&quot;absolute&quot;,&quot;_animation&quot;:&quot;none&quot;}\" data-widget_type=\"image.default\">\n\t\t\t\t\t\t\t\t\t\t\t\t\t\t\t<img fetchpriority=\"high\" decoding=\"async\" width=\"603\" height=\"651\" src=\"https:\/\/www.nilsirelozturk.com\/wp-content\/uploads\/2025\/09\/sajo-6-1.png\" class=\"attachment-full size-full wp-image-62\" alt=\"\" srcset=\"https:\/\/www.nilsirelozturk.com\/wp-content\/uploads\/2025\/09\/sajo-6-1.png 603w, https:\/\/www.nilsirelozturk.com\/wp-content\/uploads\/2025\/09\/sajo-6-1-278x300.png 278w\" sizes=\"(max-width: 603px) 100vw, 603px\" \/>\t\t\t\t\t\t\t\t\t\t\t\t\t\t\t<\/div>\n\t\t\t\t<\/div>\n\t\t\t\t\t<\/div>\n\t\t\t\t<\/div>\n\t\t<div class=\"elementor-element elementor-element-068f604 e-flex e-con-boxed e-con e-parent\" data-id=\"068f604\" data-element_type=\"container\" data-e-type=\"container\">\n\t\t\t\t\t<div class=\"e-con-inner\">\n\t\t\t\t<div class=\"elementor-element elementor-element-7e2e011 elementor-widget elementor-widget-text-editor\" data-id=\"7e2e011\" data-element_type=\"widget\" data-e-type=\"widget\" data-widget_type=\"text-editor.default\">\n\t\t\t\t\t\t\t\t\t<p>My research focuses on international economics, green trade, sustainable development, protectionist policies, and customs law.\nIn addition to my academic work, I also conduct research-based evaluations, consultancy, and expert opinions in the areas of customs procedures, trade policies, and legal interpretations.<\/p><p>This platform is a personal space where I share my academic work, reflections on current developments in the customs world, and occasionally, notes from everyday life.<br \/>A bit of books, a bit of customs law, and a bit of life\u2026<\/p><p><strong>Memberships &amp; Affiliations<\/strong><\/p><ul><li>YUMED \u2013 Yeditepe University Alumni Association<\/li><li>\u0130GMD \u2013 Istanbul Customs Brokers Association<\/li><li>BJK \u2013 Be\u015fikta\u015f Gymnastics Club, Congress Member<\/li><li>T\u00fcrk Ocaklar\u0131\u2013 Edirne Branch Member<\/li><\/ul>\t\t\t\t\t\t\t\t<\/div>\n\t\t\t\t\t<\/div>\n\t\t\t\t<\/div>\n\t\t\t\t<\/div>","protected":false},"excerpt":{"rendered":"<p>Hakk\u0131mda Ben Dr. Nil Sirel \u00d6zt\u00fcrk. Yirmi y\u0131ll\u0131k g\u00fcmr\u00fck tecr\u00fcbemi G\u00fcmr\u00fck M\u00fc\u015favir Yard\u0131mc\u0131l\u0131\u011f\u0131 ve \u00dcDY3 yetki belgesi ile ta\u00e7land\u0131rd\u0131ktan sonra, mesle\u011fin prati\u011finden akademinin teorisine uzanan bir yolculu\u011fa \u00e7\u0131kt\u0131m. \u015eu anda Trakya \u00dcniversitesi Ke\u015fan Yusuf \u00c7apraz Uygulamal\u0131 Bilimler Y\u00fcksekokulu\u2019nda Dr. \u00d6\u011fretim \u00dcyesi olarak g\u00f6rev yap\u0131yor; G\u00fcmr\u00fck Mevzuat\u0131, T\u00fcrk G\u00fcmr\u00fck Tarife Cetveli, \u0130kincil Mevzuat ve Deniz Hukuku [&hellip;]<\/p>\n","protected":false},"author":1,"featured_media":0,"parent":0,"menu_order":0,"comment_status":"closed","ping_status":"closed","template":"","meta":{"footnotes":""},"class_list":["post-140","page","type-page","status-publish","hentry"],"_links":{"self":[{"href":"https:\/\/www.nilsirelozturk.com\/en\/wp-json\/wp\/v2\/pages\/140","targetHints":{"allow":["GET"]}}],"collection":[{"href":"https:\/\/www.nilsirelozturk.com\/en\/wp-json\/wp\/v2\/pages"}],"about":[{"href":"https:\/\/www.nilsirelozturk.com\/en\/wp-json\/wp\/v2\/types\/page"}],"author":[{"embeddable":true,"href":"https:\/\/www.nilsirelozturk.com\/en\/wp-json\/wp\/v2\/users\/1"}],"replies":[{"embeddable":true,"href":"https:\/\/www.nilsirelozturk.com\/en\/wp-json\/wp\/v2\/comments?post=140"}],"version-history":[{"count":28,"href":"https:\/\/www.nilsirelozturk.com\/en\/wp-json\/wp\/v2\/pages\/140\/revisions"}],"predecessor-version":[{"id":312,"href":"https:\/\/www.nilsirelozturk.com\/en\/wp-json\/wp\/v2\/pages\/140\/revisions\/312"}],"wp:attachment":[{"href":"https:\/\/www.nilsirelozturk.com\/en\/wp-json\/wp\/v2\/media?parent=140"}],"curies":[{"name":"wp","href":"https:\/\/api.w.org\/{rel}","templated":true}]}}